{"id":371,"date":"2022-12-30T22:27:29","date_gmt":"2022-12-30T21:27:29","guid":{"rendered":"https:\/\/trains-autrefois.com\/?page_id=371"},"modified":"2026-02-15T11:09:32","modified_gmt":"2026-02-15T10:09:32","slug":"e-plank","status":"publish","type":"page","link":"https:\/\/trains-autrefois.com\/en\/e-plank\/","title":{"rendered":"E PLANK"},"content":{"rendered":"<figure class=\"wp-block-image size-large\"><img loading=\"lazy\" decoding=\"async\" width=\"1024\" height=\"724\" src=\"https:\/\/trains-autrefois.com\/wp-content\/uploads\/2022\/12\/e-plank-1-1024x724.jpg\" alt=\"\" class=\"wp-image-372\" srcset=\"https:\/\/trains-autrefois.com\/wp-content\/uploads\/2022\/12\/e-plank-1-1024x724.jpg 1024w, https:\/\/trains-autrefois.com\/wp-content\/uploads\/2022\/12\/e-plank-1-300x212.jpg 300w, https:\/\/trains-autrefois.com\/wp-content\/uploads\/2022\/12\/e-plank-1-768x543.jpg 768w, https:\/\/trains-autrefois.com\/wp-content\/uploads\/2022\/12\/e-plank-1-18x12.jpg 18w, https:\/\/trains-autrefois.com\/wp-content\/uploads\/2022\/12\/e-plank-1.jpg 1123w\" sizes=\"auto, (max-width: 1024px) 100vw, 1024px\" \/><\/figure>\n\n\n\n<p><strong>PRIX CATALOGUE 2026 <\/strong>:<\/p>\n\n\n\n<p>Attelage \u00e0 choquelle et crochet mince E PLANK : 6.8 \u20ac pi\u00e8ce<\/p>\n\n\n\n<p>Attelage \u00e0 choquelle et crochet \u00e9pais E PLANK : 6.8 \u20ac pi\u00e8ce<\/p>\n\n\n\n<p><strong>Prices are excluding packaging, tracking,mailing fee and local import taxes<\/strong><\/p>\n\n\n\n<p><strong>IMPORTANT : For Delivery in US, an overhead import tax will be charged, since the US customs require it to be paid by the seller together with the shipment<\/strong><\/p>\n\n\n\n<p><\/p>","protected":false},"excerpt":{"rendered":"<p>PRIX CATALOGUE 2026 : Attelage \u00e0 choquelle et crochet mince E PLANK : 6.8 \u20ac pi\u00e8ce Attelage \u00e0 choquelle et crochet \u00e9pais E PLANK : 6.8 \u20ac pi\u00e8ce Ces prix sont hors emballage,frais d&rsquo;exp\u00e9dition,hors taxes locales d&rsquo;importation IMPORTANT : For Delivery in US, an overhead import tax will be charged, since the US customs require [&hellip;]<\/p>\n","protected":false},"author":1,"featured_media":0,"parent":0,"menu_order":0,"comment_status":"closed","ping_status":"closed","template":"","meta":{"footnotes":""},"class_list":["post-371","page","type-page","status-publish","hentry"],"_links":{"self":[{"href":"https:\/\/trains-autrefois.com\/en\/wp-json\/wp\/v2\/pages\/371","targetHints":{"allow":["GET"]}}],"collection":[{"href":"https:\/\/trains-autrefois.com\/en\/wp-json\/wp\/v2\/pages"}],"about":[{"href":"https:\/\/trains-autrefois.com\/en\/wp-json\/wp\/v2\/types\/page"}],"author":[{"embeddable":true,"href":"https:\/\/trains-autrefois.com\/en\/wp-json\/wp\/v2\/users\/1"}],"replies":[{"embeddable":true,"href":"https:\/\/trains-autrefois.com\/en\/wp-json\/wp\/v2\/comments?post=371"}],"version-history":[{"count":6,"href":"https:\/\/trains-autrefois.com\/en\/wp-json\/wp\/v2\/pages\/371\/revisions"}],"predecessor-version":[{"id":510,"href":"https:\/\/trains-autrefois.com\/en\/wp-json\/wp\/v2\/pages\/371\/revisions\/510"}],"wp:attachment":[{"href":"https:\/\/trains-autrefois.com\/en\/wp-json\/wp\/v2\/media?parent=371"}],"curies":[{"name":"wp","href":"https:\/\/api.w.org\/{rel}","templated":true}]}}