{"id":327,"date":"2022-12-30T12:37:29","date_gmt":"2022-12-30T11:37:29","guid":{"rendered":"https:\/\/trains-autrefois.com\/?page_id=327"},"modified":"2026-02-16T18:49:46","modified_gmt":"2026-02-16T17:49:46","slug":"eclairage-des-wagons-jep","status":"publish","type":"page","link":"https:\/\/trains-autrefois.com\/en\/eclairage-des-wagons-jep\/","title":{"rendered":"JEP COACHES LIGHTING KITS"},"content":{"rendered":"<p><\/p>\n\n\n\n<figure class=\"wp-block-image size-large\"><img loading=\"lazy\" decoding=\"async\" width=\"1024\" height=\"835\" src=\"https:\/\/trains-autrefois.com\/wp-content\/uploads\/2022\/12\/ECLAIRAGES-1024x835.jpg\" alt=\"\" class=\"wp-image-321\" srcset=\"https:\/\/trains-autrefois.com\/wp-content\/uploads\/2022\/12\/ECLAIRAGES-1024x835.jpg 1024w, https:\/\/trains-autrefois.com\/wp-content\/uploads\/2022\/12\/ECLAIRAGES-300x245.jpg 300w, https:\/\/trains-autrefois.com\/wp-content\/uploads\/2022\/12\/ECLAIRAGES-768x627.jpg 768w, https:\/\/trains-autrefois.com\/wp-content\/uploads\/2022\/12\/ECLAIRAGES-1536x1253.jpg 1536w, https:\/\/trains-autrefois.com\/wp-content\/uploads\/2022\/12\/ECLAIRAGES-2048x1671.jpg 2048w, https:\/\/trains-autrefois.com\/wp-content\/uploads\/2022\/12\/ECLAIRAGES-15x12.jpg 15w\" sizes=\"auto, (max-width: 1024px) 100vw, 1024px\" \/><\/figure>\n\n\n\n<p><strong>IMPORTANT : THESE EQUIPMENTS ARE DESIGNED FOR USE ON 3 RAILS IRON CIRCUIT ( 3 RAILS ON THE  SAME LEVEL )<\/strong><\/p>\n\n\n\n<p><strong>Prix catalogues 2026 : CES PRIX NE COMPRENNENT PAS LA FOURNITURE DE L&rsquo;AMPOULE 24 VOLTS CULOT E10<\/strong>. <strong>Certains wagons sont \u00e9quip\u00e9s pour avoir 2 ampoules, consulter pour un prolongateur \u00e9lectrique <\/strong><\/p>\n\n\n\n<p>                                                       <strong> FORMER DESIGN  <\/strong>                   <strong> <\/strong><\/p>\n\n\n\n<p><\/p>\n\n\n\n<p><strong><em>LAMP HOLDER                                  21  \u20ac per unit     <\/em>                                               <\/strong><\/p>\n\n\n\n<p><\/p>\n\n\n\n<p><strong><em>ELECTRICAL PICK UP                          16 \u20ac per unit      <\/em>                                               <\/strong><\/p>\n\n\n\n<p><\/p>\n\n\n\n<p>                                                      <strong> LATER DESIGN<\/strong><\/p>\n\n\n\n<p><strong><em>LAMP HOLDER <strong>8.7 \u20ac<\/strong> <\/em><\/strong><em> <strong>piece<\/strong><\/em><\/p>\n\n\n\n<p><\/p>\n\n\n\n<p class=\"translation-block\">ELECTRICAL PICK UP 15 \u20ac PER UNIT<\/p>\n\n\n\n<p><strong> <\/strong><strong>Prices are excluding packaging, tracking,mailing fee and local import taxes<\/strong><\/p>\n\n\n\n<p><strong>IMPORTANT : For Delivery in US, an overhead import tax will be charged, since the US customs require it to be paid by the seller together with the shipment<\/strong><\/p>\n\n\n\n<p><strong>                                                      <\/strong><\/p>\n\n\n\n<p><\/p>\n\n\n\n<p><\/p>","protected":false},"excerpt":{"rendered":"<p>NOTE IMPORTANTE : CES EQUIPEMENTS SONT CONCUS POUR DES WAGONS CIRCULANT SUR LES RAILS EN FER ( 3 RAILS IDENTIQUES DE MEME NIVEAU ) Prix catalogues 2026 : CES PRIX NE COMPRENNENT PAS LA FOURNITURE DE L&rsquo;AMPOULE 24 VOLTS CULOT E10. Certains wagons sont \u00e9quip\u00e9s pour avoir 2 ampoules, consulter pour un prolongateur \u00e9lectrique ANCIENNE [&hellip;]<\/p>\n","protected":false},"author":1,"featured_media":0,"parent":0,"menu_order":0,"comment_status":"closed","ping_status":"closed","template":"","meta":{"footnotes":""},"class_list":["post-327","page","type-page","status-publish","hentry"],"_links":{"self":[{"href":"https:\/\/trains-autrefois.com\/en\/wp-json\/wp\/v2\/pages\/327","targetHints":{"allow":["GET"]}}],"collection":[{"href":"https:\/\/trains-autrefois.com\/en\/wp-json\/wp\/v2\/pages"}],"about":[{"href":"https:\/\/trains-autrefois.com\/en\/wp-json\/wp\/v2\/types\/page"}],"author":[{"embeddable":true,"href":"https:\/\/trains-autrefois.com\/en\/wp-json\/wp\/v2\/users\/1"}],"replies":[{"embeddable":true,"href":"https:\/\/trains-autrefois.com\/en\/wp-json\/wp\/v2\/comments?post=327"}],"version-history":[{"count":12,"href":"https:\/\/trains-autrefois.com\/en\/wp-json\/wp\/v2\/pages\/327\/revisions"}],"predecessor-version":[{"id":512,"href":"https:\/\/trains-autrefois.com\/en\/wp-json\/wp\/v2\/pages\/327\/revisions\/512"}],"wp:attachment":[{"href":"https:\/\/trains-autrefois.com\/en\/wp-json\/wp\/v2\/media?parent=327"}],"curies":[{"name":"wp","href":"https:\/\/api.w.org\/{rel}","templated":true}]}}