{"id":270,"date":"2021-03-19T19:59:36","date_gmt":"2021-03-19T18:59:36","guid":{"rendered":"https:\/\/trains-autrefois.com\/?page_id=270"},"modified":"2026-02-15T10:48:12","modified_gmt":"2026-02-15T09:48:12","slug":"attelages-lr-de-premiere-conception","status":"publish","type":"page","link":"https:\/\/trains-autrefois.com\/en\/attelages-lr-de-premiere-conception\/","title":{"rendered":"LR OLDER DESIGN COUPLINGS"},"content":{"rendered":"<figure class=\"wp-block-image size-large\"><img loading=\"lazy\" decoding=\"async\" width=\"1024\" height=\"724\" src=\"https:\/\/trains-autrefois.com\/wp-content\/uploads\/2021\/03\/pres-lr-ancien-1024x724.jpg\" alt=\"\" class=\"wp-image-271\" srcset=\"https:\/\/trains-autrefois.com\/wp-content\/uploads\/2021\/03\/pres-lr-ancien-1024x724.jpg 1024w, https:\/\/trains-autrefois.com\/wp-content\/uploads\/2021\/03\/pres-lr-ancien-300x212.jpg 300w, https:\/\/trains-autrefois.com\/wp-content\/uploads\/2021\/03\/pres-lr-ancien-768x543.jpg 768w, https:\/\/trains-autrefois.com\/wp-content\/uploads\/2021\/03\/pres-lr-ancien.jpg 1123w\" sizes=\"auto, (max-width: 1024px) 100vw, 1024px\" \/><\/figure>\n\n\n\n<p><strong>Prix<\/strong> <strong>Catalogues 2024<\/strong> :<\/p>\n\n\n\n<p><strong>LR FORMER DESIGN coupling ;  7 \u20ac \/ unit<\/strong><\/p>\n\n\n\n<p><strong>Prices are excluding packaging, tracking,mailing fee and local import taxes<\/strong><\/p>\n\n\n\n<p><strong>Prices are excluding packaging, tracking,mailing fee and local import taxes<\/strong><\/p>\n\n\n\n<p><strong>IMPORTANT : For Delivery in US, an overhead import tax will be charged, since the US customs require it to be paid by the seller together with the shipment<\/strong><\/p>\n\n\n\n<p><\/p>","protected":false},"excerpt":{"rendered":"<p>Prix Catalogues 2024 : Attelage LR DE PREMIERE CONCEPTION : 7 \u20ac \/ pi\u00e8ce Ces prix sont hors emballage,frais d&rsquo;exp\u00e9dition,hors taxes locales d&rsquo;importation Ces prix sont hors emballage,frais d&rsquo;exp\u00e9dition,hors taxes locales d&rsquo;importation IMPORTANT : For Delivery in US, an overhead import tax will be charged, since the US customs require it to be paid by [&hellip;]<\/p>\n","protected":false},"author":1,"featured_media":0,"parent":0,"menu_order":0,"comment_status":"closed","ping_status":"closed","template":"","meta":{"footnotes":""},"class_list":["post-270","page","type-page","status-publish","hentry"],"_links":{"self":[{"href":"https:\/\/trains-autrefois.com\/en\/wp-json\/wp\/v2\/pages\/270","targetHints":{"allow":["GET"]}}],"collection":[{"href":"https:\/\/trains-autrefois.com\/en\/wp-json\/wp\/v2\/pages"}],"about":[{"href":"https:\/\/trains-autrefois.com\/en\/wp-json\/wp\/v2\/types\/page"}],"author":[{"embeddable":true,"href":"https:\/\/trains-autrefois.com\/en\/wp-json\/wp\/v2\/users\/1"}],"replies":[{"embeddable":true,"href":"https:\/\/trains-autrefois.com\/en\/wp-json\/wp\/v2\/comments?post=270"}],"version-history":[{"count":5,"href":"https:\/\/trains-autrefois.com\/en\/wp-json\/wp\/v2\/pages\/270\/revisions"}],"predecessor-version":[{"id":503,"href":"https:\/\/trains-autrefois.com\/en\/wp-json\/wp\/v2\/pages\/270\/revisions\/503"}],"wp:attachment":[{"href":"https:\/\/trains-autrefois.com\/en\/wp-json\/wp\/v2\/media?parent=270"}],"curies":[{"name":"wp","href":"https:\/\/api.w.org\/{rel}","templated":true}]}}