{"id":251,"date":"2021-03-19T19:42:01","date_gmt":"2021-03-19T18:42:01","guid":{"rendered":"https:\/\/trains-autrefois.com\/?page_id=251"},"modified":"2026-02-15T10:43:07","modified_gmt":"2026-02-15T09:43:07","slug":"charbons-hornby","status":"publish","type":"page","link":"https:\/\/trains-autrefois.com\/en\/charbons-hornby\/","title":{"rendered":"HORNBY BRUSHES"},"content":{"rendered":"<p><\/p>\n\n\n\n<figure class=\"wp-block-image size-large\"><img loading=\"lazy\" decoding=\"async\" width=\"1024\" height=\"724\" src=\"https:\/\/trains-autrefois.com\/wp-content\/uploads\/2021\/03\/PRES-CHARBONS-1024x724.jpg\" alt=\"\" class=\"wp-image-252\" srcset=\"https:\/\/trains-autrefois.com\/wp-content\/uploads\/2021\/03\/PRES-CHARBONS-1024x724.jpg 1024w, https:\/\/trains-autrefois.com\/wp-content\/uploads\/2021\/03\/PRES-CHARBONS-300x212.jpg 300w, https:\/\/trains-autrefois.com\/wp-content\/uploads\/2021\/03\/PRES-CHARBONS-768x543.jpg 768w, https:\/\/trains-autrefois.com\/wp-content\/uploads\/2021\/03\/PRES-CHARBONS.jpg 1123w\" sizes=\"auto, (max-width: 1024px) 100vw, 1024px\" \/><\/figure>\n\n\n\n<p><strong>Prix<\/strong> <strong>Catalogues 2026<\/strong> :<\/p>\n\n\n\n<p><strong>CHARBONS 2.9 MM : 15,4 \u20ac<strong>\/ paire<\/strong><\/strong><\/p>\n\n\n\n<p><strong><strong>CHARBONS 3.9 MM : 15.4 \u20ac \/ paire<\/strong><\/strong><\/p>\n\n\n\n<p><\/p>\n\n\n\n<p><strong>2.9 mm brushes intended for HORNBY bb motors may be used on other models LR,BLZ<\/strong><\/p>\n\n\n\n<p><strong>Prices are excluding packaging, tracking,mailing fee and local import taxes<\/strong><\/p>\n\n\n\n<p><strong>IMPORTANT : For Delivery in US, an overhead import tax will be charged, since the US customs require it to be paid by the seller together with the shipment<\/strong><\/p>\n\n\n\n<p><\/p>","protected":false},"excerpt":{"rendered":"<p>Prix Catalogues 2026 : CHARBONS 2.9 MM : 15,4 \u20ac\/ paire CHARBONS 3.9 MM : 15.4 \u20ac \/ paire les charbons 2.9 mm destin\u00e9s aux moteurs hornby bb, peuvent servir sur d&rsquo;autres mod\u00e8les LR,BLZ Ces prix sont hors emballage,frais d&rsquo;exp\u00e9dition,hors taxes locales d&rsquo;importation IMPORTANT : For Delivery in US, an overhead import tax will be [&hellip;]<\/p>\n","protected":false},"author":1,"featured_media":0,"parent":0,"menu_order":0,"comment_status":"closed","ping_status":"closed","template":"","meta":{"footnotes":""},"class_list":["post-251","page","type-page","status-publish","hentry"],"_links":{"self":[{"href":"https:\/\/trains-autrefois.com\/en\/wp-json\/wp\/v2\/pages\/251","targetHints":{"allow":["GET"]}}],"collection":[{"href":"https:\/\/trains-autrefois.com\/en\/wp-json\/wp\/v2\/pages"}],"about":[{"href":"https:\/\/trains-autrefois.com\/en\/wp-json\/wp\/v2\/types\/page"}],"author":[{"embeddable":true,"href":"https:\/\/trains-autrefois.com\/en\/wp-json\/wp\/v2\/users\/1"}],"replies":[{"embeddable":true,"href":"https:\/\/trains-autrefois.com\/en\/wp-json\/wp\/v2\/comments?post=251"}],"version-history":[{"count":15,"href":"https:\/\/trains-autrefois.com\/en\/wp-json\/wp\/v2\/pages\/251\/revisions"}],"predecessor-version":[{"id":497,"href":"https:\/\/trains-autrefois.com\/en\/wp-json\/wp\/v2\/pages\/251\/revisions\/497"}],"wp:attachment":[{"href":"https:\/\/trains-autrefois.com\/en\/wp-json\/wp\/v2\/media?parent=251"}],"curies":[{"name":"wp","href":"https:\/\/api.w.org\/{rel}","templated":true}]}}