{"id":245,"date":"2021-03-19T19:25:15","date_gmt":"2021-03-19T18:25:15","guid":{"rendered":"https:\/\/trains-autrefois.com\/?page_id=245"},"modified":"2026-02-15T10:42:31","modified_gmt":"2026-02-15T09:42:31","slug":"frotteurs-hornby-bobigny","status":"publish","type":"page","link":"https:\/\/trains-autrefois.com\/en\/frotteurs-hornby-bobigny\/","title":{"rendered":"HORNBY ELECTRIC PICK-UP"},"content":{"rendered":"<figure class=\"wp-block-image size-large\"><img loading=\"lazy\" decoding=\"async\" width=\"1024\" height=\"724\" src=\"https:\/\/trains-autrefois.com\/wp-content\/uploads\/2021\/03\/PRES-FROTTEURS-BOBIGNY-1024x724.jpg\" alt=\"\" class=\"wp-image-246\" srcset=\"https:\/\/trains-autrefois.com\/wp-content\/uploads\/2021\/03\/PRES-FROTTEURS-BOBIGNY-1024x724.jpg 1024w, https:\/\/trains-autrefois.com\/wp-content\/uploads\/2021\/03\/PRES-FROTTEURS-BOBIGNY-300x212.jpg 300w, https:\/\/trains-autrefois.com\/wp-content\/uploads\/2021\/03\/PRES-FROTTEURS-BOBIGNY-768x543.jpg 768w, https:\/\/trains-autrefois.com\/wp-content\/uploads\/2021\/03\/PRES-FROTTEURS-BOBIGNY.jpg 1123w\" sizes=\"auto, (max-width: 1024px) 100vw, 1024px\" \/><\/figure>\n\n\n\n<p><strong>Prix<\/strong> <strong>Catalogues 2025<\/strong> :<\/p>\n\n\n\n<p><strong>FROTTEUR HORNBY BOBIGNY :                         4,5 \u20ac \/ pi\u00e8ce<\/strong><\/p>\n\n\n\n<p><strong>Prices are excluding packaging, tracking,mailing fee and local import taxes<\/strong><\/p>\n\n\n\n<p><strong>This part is designed to replace a part subject to wearing, please take care in keeping the axle and the spring of the part to be replaced<\/strong><\/p>\n\n\n\n<p><strong>Prices are excluding packaging, tracking,mailing fee and local import taxes<\/strong><\/p>\n\n\n\n<p><strong>IMPORTANT : For Delivery in US, an overhead import tax will be charged, since the US customs require it to be paid by the seller together with the shipment<\/strong><\/p>\n\n\n\n<p><\/p>","protected":false},"excerpt":{"rendered":"<p>Prix Catalogues 2025 : FROTTEUR HORNBY BOBIGNY : 4,5 \u20ac \/ pi\u00e8ce Ces prix sont hors emballage, frais d&rsquo;exp\u00e9dition, hors taxes locales d&rsquo;importation Cette pi\u00e8ce est con\u00e7ue pour remplacer une pi\u00e8ce d&rsquo;usure; Prendre soin \u00e0 conserver l&rsquo;axe et le ressort de la pi\u00e8ce d&rsquo;origine Ces prix sont hors emballage,frais d&rsquo;exp\u00e9dition,hors taxes locales d&rsquo;importation IMPORTANT : [&hellip;]<\/p>\n","protected":false},"author":1,"featured_media":0,"parent":0,"menu_order":0,"comment_status":"closed","ping_status":"closed","template":"","meta":{"footnotes":""},"class_list":["post-245","page","type-page","status-publish","hentry"],"_links":{"self":[{"href":"https:\/\/trains-autrefois.com\/en\/wp-json\/wp\/v2\/pages\/245","targetHints":{"allow":["GET"]}}],"collection":[{"href":"https:\/\/trains-autrefois.com\/en\/wp-json\/wp\/v2\/pages"}],"about":[{"href":"https:\/\/trains-autrefois.com\/en\/wp-json\/wp\/v2\/types\/page"}],"author":[{"embeddable":true,"href":"https:\/\/trains-autrefois.com\/en\/wp-json\/wp\/v2\/users\/1"}],"replies":[{"embeddable":true,"href":"https:\/\/trains-autrefois.com\/en\/wp-json\/wp\/v2\/comments?post=245"}],"version-history":[{"count":5,"href":"https:\/\/trains-autrefois.com\/en\/wp-json\/wp\/v2\/pages\/245\/revisions"}],"predecessor-version":[{"id":496,"href":"https:\/\/trains-autrefois.com\/en\/wp-json\/wp\/v2\/pages\/245\/revisions\/496"}],"wp:attachment":[{"href":"https:\/\/trains-autrefois.com\/en\/wp-json\/wp\/v2\/media?parent=245"}],"curies":[{"name":"wp","href":"https:\/\/api.w.org\/{rel}","templated":true}]}}