{"id":121,"date":"2021-03-17T17:32:29","date_gmt":"2021-03-17T16:32:29","guid":{"rendered":"https:\/\/trains-autrefois.com\/?page_id=121"},"modified":"2022-12-30T12:17:04","modified_gmt":"2022-12-30T11:17:04","slug":"contact","status":"publish","type":"page","link":"https:\/\/trains-autrefois.com\/en\/","title":{"rendered":"CONTACT"},"content":{"rendered":"<p class=\"has-text-align-center\"><strong>FROM HORNBY TO JEP<\/strong><\/p>\n\n\n\n<p class=\"has-text-align-center\"><strong>WITHOUT FORGETTING BING,BLZ,CARETTE,LR<\/strong>, <strong>E PLANK<\/strong><\/p>\n\n\n\n<p class=\"has-text-align-center\"><strong>AND M\u00c4RKLIN<\/strong><\/p>\n\n\n\n<p class=\"has-text-align-center\"><strong>Looking for couplings for old wagons,i got in touch with \"Progress Products\" at the end of 2019,December<\/strong><\/p>\n\n\n\n<p class=\"has-text-align-center\"><strong>Derek, founder of \"Progress Products\" told me his will to transfer this part of activity  and his difficulties to find someone to take over. I accepted to take over  in the frame of an eirl  and this was the start  of a story  which progressed  during the Covid 19 pandemy.<\/strong><\/p>\n\n\n\n<p class=\"has-text-align-center\"><strong>all the parts shown in this site are news, in order to give a new life to existing products. It are not the result of a cannibalization process<\/strong><\/p>\n\n\n\n<p class=\"has-text-align-center\"><strong>Derek is carrying on other activities relevant of scale 0 trains<\/strong><\/p>\n\n\n\n<p class=\"has-text-align-center\"><strong>for any information such as lead time , packaging and mailing fees, supply of couplings sub components ,please contact<\/strong><\/p>\n\n\n\n<p class=\"has-text-align-center\"><strong>eirlgabrielmouilhade@orange.fr<\/strong><\/p>","protected":false},"excerpt":{"rendered":"<p>DE HORNBY A JEP SANS OUBLIER BING,BLZ,CARETTE ,LR, E PLANK ET M\u00c4RKLIN A la recherche d\u2019attelages pour d\u2019anciens wagons, j\u2019ai \u00e9t\u00e9 en contact avec \u00ab&nbsp;Progress Products &nbsp;\u00bb fin D\u00e9cembre 2019. Derek ,le fondateur de Progress Products m\u2019a confi\u00e9 son souhait de transf\u00e9rer cette partie de son activit\u00e9 et ses difficult\u00e9s pour en trouver un repreneur. [&hellip;]<\/p>\n","protected":false},"author":1,"featured_media":0,"parent":0,"menu_order":0,"comment_status":"closed","ping_status":"closed","template":"","meta":{"footnotes":""},"class_list":["post-121","page","type-page","status-publish","hentry"],"_links":{"self":[{"href":"https:\/\/trains-autrefois.com\/en\/wp-json\/wp\/v2\/pages\/121","targetHints":{"allow":["GET"]}}],"collection":[{"href":"https:\/\/trains-autrefois.com\/en\/wp-json\/wp\/v2\/pages"}],"about":[{"href":"https:\/\/trains-autrefois.com\/en\/wp-json\/wp\/v2\/types\/page"}],"author":[{"embeddable":true,"href":"https:\/\/trains-autrefois.com\/en\/wp-json\/wp\/v2\/users\/1"}],"replies":[{"embeddable":true,"href":"https:\/\/trains-autrefois.com\/en\/wp-json\/wp\/v2\/comments?post=121"}],"version-history":[{"count":4,"href":"https:\/\/trains-autrefois.com\/en\/wp-json\/wp\/v2\/pages\/121\/revisions"}],"predecessor-version":[{"id":318,"href":"https:\/\/trains-autrefois.com\/en\/wp-json\/wp\/v2\/pages\/121\/revisions\/318"}],"wp:attachment":[{"href":"https:\/\/trains-autrefois.com\/en\/wp-json\/wp\/v2\/media?parent=121"}],"curies":[{"name":"wp","href":"https:\/\/api.w.org\/{rel}","templated":true}]}}